{"id":516,"date":"2015-05-30T22:21:23","date_gmt":"2015-05-30T20:21:23","guid":{"rendered":"http:\/\/csortos.hu\/hu\/?page_id=516"},"modified":"2025-05-27T14:25:24","modified_gmt":"2025-05-27T12:25:24","slug":"publikaciok","status":"publish","type":"page","link":"https:\/\/csortos.hu\/hu\/publikaciok\/","title":{"rendered":"Publik\u00e1ci\u00f3k"},"content":{"rendered":"\t\t<div data-elementor-type=\"wp-page\" data-elementor-id=\"516\" class=\"elementor elementor-516 elementor-62\" data-elementor-post-type=\"page\">\n\t\t\t\t\t\t<section class=\"elementor-section elementor-top-section elementor-element elementor-element-60b19ca elementor-section-boxed elementor-section-height-default elementor-section-height-default\" data-id=\"60b19ca\" data-element_type=\"section\" data-settings=\"{&quot;background_background&quot;:&quot;classic&quot;}\">\n\t\t\t\t\t\t<div class=\"elementor-container elementor-column-gap-default\">\n\t\t\t\t\t<div class=\"elementor-column elementor-col-100 elementor-top-column elementor-element elementor-element-f50b7a4\" data-id=\"f50b7a4\" data-element_type=\"column\">\n\t\t\t<div class=\"elementor-widget-wrap elementor-element-populated\">\n\t\t\t\t\t\t<div class=\"elementor-element elementor-element-71282dc elementor-widget elementor-widget-spacer\" data-id=\"71282dc\" data-element_type=\"widget\" data-widget_type=\"spacer.default\">\n\t\t\t\t\t\t\t<div class=\"elementor-spacer\">\n\t\t\t<div class=\"elementor-spacer-inner\"><\/div>\n\t\t<\/div>\n\t\t\t\t\t\t<\/div>\n\t\t\t\t<section class=\"elementor-section elementor-inner-section elementor-element elementor-element-7e80e5f elementor-section-boxed elementor-section-height-default elementor-section-height-default\" data-id=\"7e80e5f\" data-element_type=\"section\">\n\t\t\t\t\t\t<div class=\"elementor-container elementor-column-gap-default\">\n\t\t\t\t\t<div class=\"elementor-column elementor-col-16 elementor-inner-column elementor-element elementor-element-869ddf1\" data-id=\"869ddf1\" data-element_type=\"column\">\n\t\t\t<div class=\"elementor-widget-wrap\">\n\t\t\t\t\t\t\t<\/div>\n\t\t<\/div>\n\t\t\t\t<div class=\"elementor-column elementor-col-66 elementor-inner-column elementor-element elementor-element-24feafb\" data-id=\"24feafb\" data-element_type=\"column\">\n\t\t\t<div class=\"elementor-widget-wrap elementor-element-populated\">\n\t\t\t\t\t\t<div class=\"elementor-element elementor-element-3a3ca93 elementor-widget elementor-widget-heading\" data-id=\"3a3ca93\" data-element_type=\"widget\" data-widget_type=\"heading.default\">\n\t\t\t\t\t<h1 class=\"elementor-heading-title elementor-size-default\">PUBLIK\u00c1CI\u00d3K<\/h1>\t\t\t\t<\/div>\n\t\t\t\t\t<\/div>\n\t\t<\/div>\n\t\t\t\t<div class=\"elementor-column elementor-col-16 elementor-inner-column elementor-element elementor-element-49fac4a\" data-id=\"49fac4a\" data-element_type=\"column\">\n\t\t\t<div class=\"elementor-widget-wrap\">\n\t\t\t\t\t\t\t<\/div>\n\t\t<\/div>\n\t\t\t\t\t<\/div>\n\t\t<\/section>\n\t\t\t\t<div class=\"elementor-element elementor-element-083252f elementor-widget elementor-widget-spacer\" data-id=\"083252f\" data-element_type=\"widget\" data-widget_type=\"spacer.default\">\n\t\t\t\t\t\t\t<div class=\"elementor-spacer\">\n\t\t\t<div class=\"elementor-spacer-inner\"><\/div>\n\t\t<\/div>\n\t\t\t\t\t\t<\/div>\n\t\t\t\t\t<\/div>\n\t\t<\/div>\n\t\t\t\t\t<\/div>\n\t\t<\/section>\n\t\t\t\t<section class=\"elementor-section elementor-top-section elementor-element elementor-element-c1f7422 elementor-section-boxed elementor-section-height-default elementor-section-height-default\" data-id=\"c1f7422\" data-element_type=\"section\">\n\t\t\t\t\t\t<div class=\"elementor-container elementor-column-gap-default\">\n\t\t\t\t\t<div class=\"elementor-column elementor-col-100 elementor-top-column elementor-element elementor-element-c81a05b\" data-id=\"c81a05b\" data-element_type=\"column\">\n\t\t\t<div class=\"elementor-widget-wrap elementor-element-populated\">\n\t\t\t\t\t\t<div class=\"elementor-element elementor-element-e6e2eb5 elementor-widget elementor-widget-spacer\" data-id=\"e6e2eb5\" data-element_type=\"widget\" data-widget_type=\"spacer.default\">\n\t\t\t\t\t\t\t<div class=\"elementor-spacer\">\n\t\t\t<div class=\"elementor-spacer-inner\"><\/div>\n\t\t<\/div>\n\t\t\t\t\t\t<\/div>\n\t\t\t\t\t<\/div>\n\t\t<\/div>\n\t\t\t\t\t<\/div>\n\t\t<\/section>\n\t\t\t\t<section class=\"elementor-section elementor-top-section elementor-element elementor-element-37921b58 elementor-section-boxed elementor-section-height-default elementor-section-height-default\" data-id=\"37921b58\" data-element_type=\"section\">\n\t\t\t\t\t\t<div class=\"elementor-container elementor-column-gap-default\">\n\t\t\t\t\t<div class=\"elementor-column elementor-col-100 elementor-top-column elementor-element elementor-element-37af9243\" data-id=\"37af9243\" data-element_type=\"column\">\n\t\t\t<div class=\"elementor-widget-wrap elementor-element-populated\">\n\t\t\t\t\t\t<div class=\"elementor-element elementor-element-6dbaf5d0 elementor-widget elementor-widget-text-editor\" data-id=\"6dbaf5d0\" data-element_type=\"widget\" data-widget_type=\"text-editor.default\">\n\t\t\t\t\t\t\t\t\t<div class=\"elementor-element-overlay\"><p><strong>Budapest Fot\u00f3fesztiv\u00e1l blogja 2025.04.09 \u2013 <\/strong>Budapest Fot\u00f3fesztiv\u00e1l: <a href=\"https:\/\/budapestphotofestival.blog.hu\/2025\/04\/09\/62_vs?utm_medium=doboz&amp;utm_campaign=bloghu_cimlap&amp;utm_source=kult\"><strong>62 vs 31 <\/strong><\/a>\/ 2025\u00a0<\/p><p><strong>we love Budapest 2025.04.02 \u2013 <\/strong>Nagy Zs\u00f3fia: <a href=\"https:\/\/welovebudapest.com\/toplista\/fotofesztival-2025-peter-lindbergh-sylvia-plachy-leica-aimee-mccrory\/\"><strong>50 ki\u00e1ll\u00edt\u00e1s 6 h\u00e9ten \u00e1t <\/strong><\/a>\/ 2025\u00a0<\/p><p><strong>kultura.hu 2024.05.24 \u2013 <\/strong>Budai Kriszta: <a href=\"https:\/\/kultura.hu\/kiscelli-muzeum-fotokiallitas\/\"><strong>Digit\u00e1lis rongysz\u0151nyegekt\u0151l konyhai reszel\u0151n \u00e1t a szem\u00e9ttelepekig <\/strong><\/a>\/ 2024\u00a0<\/p><p><strong>punkt.hu 2024.05.16 \u2013 <\/strong>PUNKT: <a href=\"https:\/\/punkt.hu\/2024\/05\/16\/absztrakt-tendenciak-a-kortars-magyar-fotomuveszetben-valogatas-a-pro-forma-kiallitas-kepeibol\/\"><strong>Absztrakt tendenci\u00e1k a kort\u00e1rs magyar fot\u00f3m\u0171v\u00e9szetben &#8211; V\u00e1logat\u00e1s a PRO FORMA ki\u00e1ll\u00edt\u00e1s k\u00e9peib\u0151l <\/strong><\/a>\/ 2024\u00a0<\/p><p><strong>punkt.hu 2023.10.07 \u2013 <\/strong>Szab\u00f3 Benedek: <a href=\"https:\/\/punkt.hu\/2023\/10\/07\/az-international-photography-awards-bemutatta-idei-versenyenek-kiemeltjeit-koztuk-egy-magyar-alkoto-kepeit\/\"><strong>Az International Photography Awards bemutatta idei kiemeltjeit &#8211; k\u00f6zt\u00fck egy magyar alkot\u00f3 k\u00e9peit <\/strong><\/a>\/ 2023\u00a0<\/p><\/div><p><strong>Fot\u00f3m\u0171v\u00e9szet 2019\/2 &#8211; <\/strong>Petr\u00e1nyi Zsolt:<a href=\"https:\/\/csortos.hu\/wp-content\/uploads\/2023\/05\/EPA02991_fotomuveszet_2019_02_030-041.pdf\"><strong> Magyar t\u00e1jk\u00e9pfot\u00f3 ki\u00e1ll\u00edt\u00e1s a Kiscelli M\u00fazeumban <\/strong><\/a>\/ 2019 \/ ki\u00e1ll\u00edt\u00e1s recenzi\u00f3<\/p><p><strong>Marie Claire &#8211; <a href=\"https:\/\/marieclaire.hu\/kultura\/2018\/12\/23\/hankiss-elemer-a-jatekos-ember-aki-a-jo-dolgot-is-probalja-meg-jobba-tenni\/\">Hankiss Elem\u00e9r a j\u00e1t\u00e9kos ember<\/a> \/ 2018. december 23.<\/strong>\u00a0 \/ Interj\u00fa Csortos Szab\u00f3 S\u00e1ndorral<\/p><p><strong>Magyar Tudom\u00e1ny MTA &#8211; <a href=\"https:\/\/mersz.hu\/hivatkozas\/matud_f11232\">Hankiss \u00e9s a rajzfilmek<\/a> \/ 2018. okt\u00f3ber 15.<\/strong>\u00a0 \/ Csortos Szab\u00f3 S\u00e1ndor tanulm\u00e1nya<\/p><p><strong>Csortos Szab\u00f3 S\u00e1ndor:<\/strong> <strong><a href=\"https:\/\/csortos.hu\/wp-content\/uploads\/2023\/05\/wagnerkert.jpeg\">Wagner kertje<\/a> &#8211; <\/strong>sorsz\u00e1mozott fot\u00f3album &#8211; <strong>2014 december<\/strong><\/p><p><strong>filmtett.ro \u2013 Erd\u00e9lyi filmes port\u00e1l \/ 2014. okt\u00f3ber 17.<\/strong>\u00a0\u00a0<strong><a href=\"http:\/\/www.filmtett.ro\/cikk\/3762\/interju-csortos-szabo-sandor-producerrel\">A fot\u00f3z\u00e1s sz\u00e1momra olyan, mint egy medit\u00e1ci\u00f3<\/a><\/strong>\u00a0\u2013 Interj\u00fa Csortos Szab\u00f3 S\u00e1ndorral<\/p><p><strong>Kort\u00e1rs digit\u00e1lis fotogr\u00e1fia \/ 2014. okt\u00f3ber 11. \u00a0<\/strong>Ki\u00e1ll\u00edt\u00e1s katal\u00f3gus<\/p><p><strong>4 Elem \/ 2013. okt\u00f3ber 05.\u00a0<\/strong>\u00a0Ki\u00e1ll\u00edt\u00e1s katal\u00f3gus<\/p><p><strong>Kiss No\u00e9mi: <a href=\"https:\/\/csortos.hu\/wp-content\/uploads\/2023\/05\/Kiss_Noemi.jpg\">Fekete-feh\u00e9r<\/a> &#8211; Tanulm\u00e1nyok a fotogr\u00e1fia \u00e9s az irodalom kapcsolat\u00e1r\u00f3l<\/strong> \/ M\u0171\u00fat K\u00f6nyvek, 2011 \/ Benne: elemz\u00e9s a F\u00e9ny, viszony c. k\u00f6nyvr\u0151l<\/p><p><strong>Prae \/ <a href=\"https:\/\/www.prae.hu\/news\/13604-teli-fotovasar-a-mai-mano-hazban\/\">T\u00e9li fot\u00f3v\u00e1s\u00e1r a Mai Man\u00f3 H\u00e1zban<\/a><\/strong> &#8211; Aukci\u00f3 \/ 2011 december 08<\/p><p><strong>tv2 Mokka \/\u00a0<\/strong><strong>2011. november 07. \u00a0<\/strong>Ki\u00e1ll\u00edt\u00e1s aj\u00e1nl\u00f3: Titkos kertek<\/p><p><strong>N\u00e9pszabads\u00e1g \/\u00a0<\/strong><strong>2011. okt\u00f3ber 28. \u00a0<\/strong><strong><a href=\"https:\/\/csortos.hu\/wp-content\/uploads\/2015\/11\/Csider_cikk.jpg\">Az \u0151serd\u0151 visszafoglal<\/a>\u00a0\u00a0<\/strong>Csortos Szab\u00f3 S\u00e1ndor titkos kertjei a Mai Man\u00f3ban<\/p><p><strong>Magyar Narancs \/\u00a0<\/strong><strong>2011. okt\u00f3ber 27.\u00a0\u00a0<\/strong><strong><a href=\"https:\/\/csortos.hu\/wp-content\/uploads\/2015\/11\/mancs_mano.jpg\">Ki\u00e1ll\u00edt\u00e1s aj\u00e1nl\u00f3 \u2013 Csortos Szab\u00f3 S\u00e1ndor: Titkos kertek<\/a><\/strong><strong>\u00a0<\/strong><\/p><p><strong>Magyar Nemzet \/\u00a0<\/strong><strong>2011. okt\u00f3ber 27. \u00a0<\/strong><strong><a href=\"https:\/\/csortos.hu\/wp-content\/uploads\/2015\/11\/hankiss.jpg\">Romokban rejt\u0151zk\u00f6d\u0151 \u00f6r\u00f6kk\u00e9val\u00f3<\/a>\u00a0\u00a0<\/strong>Hankiss Elem\u00e9r recenzi\u00f3ja a Titkos kertek c. ki\u00e1ll\u00edt\u00e1sr\u00f3l<\/p><p><strong>irodalmijelen.hu \/ 2011. okt\u00f3ber 07.\u00a0\u00a0<a href=\"http:\/\/www.irodalmijelen.hu\/hirek\/juhasz-orsolya-csortos-szabo-sandor-fotokiallitasai-mai-mano-hazban\">Juh\u00e1sz Orsolya \u00e9s Csortos Szab\u00f3 S\u00e1ndor fot\u00f3ki\u00e1ll\u00edt\u00e1sai a Mai Man\u00f3 H\u00e1zban<\/a><\/strong><\/p><p><strong>Ki\u00e1ll\u00edt\u00e1s a Magyar Fotogr\u00e1fusok H\u00e1z\u00e1ban \u00a0<\/strong><strong><a href=\"https:\/\/www.youtube.com\/watch?v=NPK06UArzX4&amp;ab_channel=FotoKlikk\">Megnyit\u00f3: 2011. okt\u00f3ber 06. 19.00 \u00f3ra<\/a>\u00a0\u00a0<\/strong>K\u0151r\u00f6si Orsolya igazgat\u00f3n\u0151, Kincses K\u00e1roly kur\u00e1tor, Hankiss Elem\u00e9r professzor (a fotoklikk.hu felv\u00e9tele a vimeo-n)<\/p><p><strong>Magyar Narancs \/\u00a0<\/strong><strong>2011. j\u00falius 07. \u00a0<\/strong><strong><a href=\"https:\/\/csortos.hu\/wp-content\/uploads\/2015\/11\/przemysl-mancs.jpg\">Szolg\u00e1lati id\u0151m eml\u00e9k\u00e9re<\/a><\/strong><strong>\u00a0\u00a0<\/strong>Przemysl 1914 \u2013 1918<\/p><p><strong>The Photo Paper Magazine (USA) \/ 2010. febru\u00e1r\u00a0 <\/strong><strong><a href=\"https:\/\/csortos.hu\/wp-content\/uploads\/2015\/11\/ppm.jpg\">Special Double Issue<\/a>\u00a0\u00a0<\/strong>A Photography Masters Cup d\u00edjazottjainak bemutatkoz\u00e1sa<\/p><p><strong>P\u00e9csi Napilap \/\u00a0<\/strong><strong>2008. j\u00fanius 06.\u00a0<\/strong>Ma z\u00e1r a 100 f\u00e9le iszl\u00e1m fot\u00f3ki\u00e1ll\u00edt\u00e1s<\/p><p><strong>Hommage Alp\u00e1r Ign\u00e1c \/\u00a0<\/strong><strong>2007. j\u00fanius 09.\u00a0<\/strong>Ki\u00e1ll\u00edt\u00e1s katal\u00f3gus<\/p><p><strong>Irodalmi Jelen \/\u00a0<\/strong><strong>2007. j\u00falius 20.\u00a0<\/strong>A f\u00e9nyk\u00e9pez\u00e9s sz\u00e1momra medit\u00e1ci\u00f3 \u2013\u00a0Csortos Szab\u00f3 S\u00e1ndorral Vennes Aranka besz\u00e9lget<\/p><p><strong>www.digiretus.hu \/\u00a0<\/strong><strong>2006. m\u00e1rcius\u00a0 &#8211; <\/strong>Interj\u00fa Csortos Szab\u00f3 S\u00e1ndorral<\/p><p><strong>Fot\u00f3m\u0171v\u00e9szet \/\u00a0<\/strong><strong>2005. 03\/04 sz\u00e1m <a href=\"http:\/\/www.fotomuveszet.net\/korabbi_szamok\/200534\/konyvespolc?PHPSESSID=d58de39650f43d1d4f7cd9d19ba4a740\">K\u00f6nyvaj\u00e1nl\u00f3:\u00a0Csortos Szab\u00f3 S\u00e1ndor: F\u00e9ny, viszony<\/a><\/strong><\/p><p><strong>www.tal\u00e1ljuk-ki.hu \/\u00a0<\/strong><strong>2005. november \u00a0<\/strong>Magyar fot\u00f3m\u0171v\u00e9szek nemzetk\u00f6zi sikere<\/p><p><strong>Artportal.hu \/\u00a0<\/strong><strong>2005. okt\u00f3ber 07. \u00a0<\/strong>Arnold \u00c9va \u00e9s Csortos Szab\u00f3 S\u00e1ndor fot\u00f3m\u0171v\u00e9szek d\u00edjai<\/p><p><strong>Magyar H\u00edrlap \/\u00a0<\/strong><strong>2005. febru\u00e1r 11. \u00a0<a href=\"https:\/\/csortos.hu\/wp-content\/uploads\/2015\/10\/MH-cikk-scan.jpg\">Hal\u00e1lbarokk \u00e9s f\u00e9ny<\/a>\u00a0\u00a0<\/strong>M\u00e9zes Gergely k\u00f6nyvkritik\u00e1ja<\/p><p><strong>K\u00f6nyv7 \/\u00a0<\/strong><strong>2004. augusztus 5. \u00a0<\/strong>A megnevezhetetlent var\u00e1zsolja k\u00f6z\u00e9nk \u2013\u00a0Besz\u00e9lget\u00e9s T\u00f3th Krisztin\u00e1val<\/p><p><strong><a href=\"https:\/\/csortos.hu\/wp-content\/uploads\/2015\/10\/Feny-viszony.jpg\">F\u00e9ny, viszony<\/a>\u00a0\/\u00a0<\/strong><strong>2004. \u00e1prilis \u00a0<\/strong>T\u00f3th Krisztina (pr\u00f3za) \u2013 Csortos Szab\u00f3 S\u00e1ndor (fot\u00f3) \u2013 <strong>k\u00e9pesk\u00f6nyv<\/strong><\/p><p><strong>N\u00e9pszabads\u00e1g Online \/\u00a0<\/strong><strong>2001. okt\u00f3ber 16. \u00a0<\/strong>Sz\u00edvvel, l\u00e9lekkel \u2013 Khadzsur\u00e1h\u00f3<\/p><p><strong>N\u00e9pszabads\u00e1g \/\u00a0<\/strong><strong>2001. szeptember 27. \u00a0<\/strong>Szerelem a templomban \u2013\u00a0Khadzsur\u00e1h\u00f3 szobrai fot\u00f3kon az Iparm\u0171v\u00e9szeti M\u00fazeumban<\/p><p><strong>RTL Klub Telev\u00edzi\u00f3\u00a0<\/strong><strong>Reggel \/\u00a0<\/strong><strong>2001. szeptember 24.\u00a0<\/strong>Romv\u00e1ros az \u0151serd\u0151ben \u2013 Angkor<\/p><p><strong>Khadzsur\u00e1h\u00f3\u00a0<\/strong><strong>Misztikum \u00e9s erotika \/\u00a0<\/strong><strong>2001. szeptember 20.\u00a0<a href=\"https:\/\/csortos.hu\/wp-content\/uploads\/2015\/10\/main-1.jpg\">Ki\u00e1ll\u00edt\u00e1s katal\u00f3gus<\/a><\/strong><\/p><p><strong>Pesti Est \/\u00a0<\/strong><strong>2001. szeptember 17-23. \u00a0<\/strong>Ki\u00e1ll\u00edt\u00e1s aj\u00e1nl\u00f3 \u2013\u00a0Misztikum \u00e9s erotika: Khadzsur\u00e1h\u00f3<\/p><p><strong>Demokrata \/\u00a0<\/strong><strong>2001\/41. \u00a0<\/strong>Ki\u00e1ll\u00edt\u00e1s aj\u00e1nl\u00f3 \u2013\u00a0Misztikum \u00e9s erotika: Khadzsur\u00e1h\u00f3<\/p><p><strong>Hamu \u00e9s Gy\u00e9m\u00e1nt Magazin \/\u00a0<\/strong><strong>2001\/3. sz\u00e1m \u00a0<a href=\"https:\/\/csortos.hu\/wp-content\/uploads\/2015\/10\/Hamu-Khaju.jpg\">Khadzsur\u00e1h\u00f3<\/a><\/strong><\/p><p><strong>The Budapest Sun \/\u00a0<\/strong><strong>2000. szeptember 21 \u00a0<a href=\"https:\/\/csortos.hu\/wp-content\/uploads\/2015\/10\/BPEST.jpg\">Relics lost in time from a city int he jungles of Cambodia<\/a><\/strong><\/p><p><strong>Figyel\u0151 \/<\/strong><strong>2000. szeptember 21. \u00a0<\/strong>Angkor<\/p><p><strong>Magyar Telev\u00edzi\u00f3\u00a0<\/strong><strong>Napkelte \/\u00a0<\/strong><strong>2000. szeptember 21. \u00a0<\/strong>Romv\u00e1ros az \u0151serd\u0151ben \u2013 Angkor<\/p><p><strong>Szabad F\u00f6ld \/\u00a0<\/strong><strong>2000. szeptember 19. \u00a0<\/strong>Fot\u00f3ki\u00e1ll\u00edt\u00e1s Angkorr\u00f3l<\/p><p><strong>RTL Klub Telev\u00edzi\u00f3\u00a0<\/strong><strong>Reggel \/\u00a0<\/strong><strong>2000. szeptember 19. \u00a0<\/strong>Romv\u00e1ros az \u0151serd\u0151ben \u2013 Angkor<\/p><p><strong>N\u00e9pszabads\u00e1g Magazin \/\u00a0<\/strong><strong>2000. szeptember 15. \u00a0<\/strong>Romv\u00e1ros<\/p><p><strong>TV2 Telev\u00edzi\u00f3\u00a0<\/strong><strong>J\u00f3 reggelt Magyarorsz\u00e1g! \/\u00a0<\/strong><strong>2000. szeptember 14.\u00a0<\/strong>Romv\u00e1ros az \u0151serd\u0151ben \u2013 Angkor<\/p><p><strong>Pester Lloyd \/\u00a0<\/strong><strong>2000. szeptember 13. \u00a0<\/strong>Angkors Glanz und Untergang<\/p><p><strong>Magyar H\u00edrlap \/\u00a0<\/strong><strong>2000. szeptember 12. \u00a0<a href=\"https:\/\/csortos.hu\/wp-content\/uploads\/2015\/10\/031.jpg\">Egy let\u0171nt civiliz\u00e1ci\u00f3 nyom\u00e1ban<\/a><\/strong>\u00a0\u2013\u00a0Az Angkor Birodalom a Centr\u00e1lis Gal\u00e9ri\u00e1ban<\/p><p><strong>Pesti Est \/\u00a0<\/strong><strong>2000. szeptember 07-13. \u00a0<\/strong>Ki\u00e1ll\u00edt\u00e1s aj\u00e1nl\u00f3: Romv\u00e1ros az \u0151serd\u0151ben \u2013 Angkor<\/p><p><strong>index.hu \/\u00a0<\/strong><strong>2000. szeptember 07. \u00a0<\/strong>Ki\u00e1ll\u00edt\u00e1s: Angkor \u2013 romv\u00e1ros az \u0151serd\u0151ben<\/p><p><strong>Magyar Narancs \/\u00a0<\/strong><strong>2000. szeptember 07. \u00a0<a href=\"https:\/\/csortos.hu\/wp-content\/uploads\/2015\/10\/011.jpg\">Angkor \u2013 Romv\u00e1ros az \u0151serd\u0151ben<\/a><\/strong><\/p><p><strong>Metro \/\u00a0<\/strong><strong>2000. szeptember 07. \u00a0<\/strong>\u0150serd\u0151be s\u00fcllyedt v\u00e1rost mutatnak be<\/p><p><strong>N\u00e9pszava \/\u00a0<\/strong><strong>2000. szeptember 06. \u00a0<\/strong><strong><a href=\"https:\/\/csortos.hu\/wp-content\/uploads\/2015\/10\/NEPSZAVA.jpg\">Romv\u00e1ros az \u0151serd\u0151ben<\/a><\/strong><\/p><p><strong>N\u00e9pszabads\u00e1g \/\u00a0<\/strong><strong>2000. szeptember 06.\u00a0\u00a0<a href=\"https:\/\/csortos.hu\/wp-content\/uploads\/2015\/10\/021.jpg\">A kambodzsai Atlantisz<\/a><\/strong>\u00a0\u2013\u00a0A dzsungelbe s\u00fcllyedt romv\u00e1ros k\u00e9pei a Centr\u00e1lis Gal\u00e9ri\u00e1ban<\/p><p><strong>Metro \/\u00a0<\/strong><strong>2000. augusztus 30. \u00a0<\/strong>Angkor t\u00fcnd\u00f6kl\u00e9s\u00e9t id\u00e9zi az \u00c1zsia-t\u00e1rlat<\/p><p><strong>\u00c9let \u00e9s Tudom\u00e1ny \/\u00a0<\/strong><strong>2000\/39 \u00a0<\/strong>Angkor \u2013 Romv\u00e1ros az \u0151serd\u0151ben<\/p><p><strong>Hamu \u00e9s Gy\u00e9m\u00e1nt Magazin \/\u00a0<\/strong><strong>2000\/4. sz\u00e1m \u00a0<a href=\"https:\/\/csortos.hu\/wp-content\/uploads\/2015\/10\/Hamu-Angkor.jpg\">Angkor<\/a><\/strong><\/p>\t\t\t\t\t\t\t\t<\/div>\n\t\t\t\t\t<\/div>\n\t\t<\/div>\n\t\t\t\t\t<\/div>\n\t\t<\/section>\n\t\t\t\t<section class=\"elementor-section elementor-top-section elementor-element elementor-element-b519e3f elementor-section-boxed elementor-section-height-default elementor-section-height-default\" data-id=\"b519e3f\" data-element_type=\"section\">\n\t\t\t\t\t\t<div class=\"elementor-container elementor-column-gap-default\">\n\t\t\t\t\t<div class=\"elementor-column elementor-col-100 elementor-top-column elementor-element elementor-element-a1ad95e\" data-id=\"a1ad95e\" data-element_type=\"column\">\n\t\t\t<div class=\"elementor-widget-wrap elementor-element-populated\">\n\t\t\t\t\t\t<div class=\"elementor-element elementor-element-b8c02fd elementor-widget elementor-widget-spacer\" data-id=\"b8c02fd\" data-element_type=\"widget\" data-widget_type=\"spacer.default\">\n\t\t\t\t\t\t\t<div class=\"elementor-spacer\">\n\t\t\t<div class=\"elementor-spacer-inner\"><\/div>\n\t\t<\/div>\n\t\t\t\t\t\t<\/div>\n\t\t\t\t\t<\/div>\n\t\t<\/div>\n\t\t\t\t\t<\/div>\n\t\t<\/section>\n\t\t\t\t<\/div>\n\t\t","protected":false},"excerpt":{"rendered":"<p>PUBLIK\u00c1CI\u00d3K Budapest Fot\u00f3fesztiv\u00e1l blogja 2025.04.09 \u2013 Budapest Fot\u00f3fesztiv\u00e1l: 62 vs 31 \/ 2025\u00a0 we love Budapest 2025.04.02 \u2013 Nagy Zs\u00f3fia: 50 ki\u00e1ll\u00edt\u00e1s 6 h\u00e9ten \u00e1t \/ 2025\u00a0 kultura.hu 2024.05.24 \u2013 Budai Kriszta: Digit\u00e1lis rongysz\u0151nyegekt\u0151l konyhai reszel\u0151n \u00e1t a szem\u00e9ttelepekig \/ 2024\u00a0 punkt.hu 2024.05.16 \u2013 PUNKT: Absztrakt tendenci\u00e1k a kort\u00e1rs magyar fot\u00f3m\u0171v\u00e9szetben &#8211; V\u00e1logat\u00e1s a PRO [&hellip;]<\/p>\n","protected":false},"author":1,"featured_media":0,"parent":0,"menu_order":0,"comment_status":"closed","ping_status":"closed","template":"","meta":{"_monsterinsights_skip_tracking":false,"_monsterinsights_sitenote_active":false,"_monsterinsights_sitenote_note":"","_monsterinsights_sitenote_category":0,"footnotes":""},"class_list":["post-516","page","type-page","status-publish","hentry"],"aioseo_notices":[],"acf":[],"_links":{"self":[{"href":"https:\/\/csortos.hu\/hu\/wp-json\/wp\/v2\/pages\/516","targetHints":{"allow":["GET"]}}],"collection":[{"href":"https:\/\/csortos.hu\/hu\/wp-json\/wp\/v2\/pages"}],"about":[{"href":"https:\/\/csortos.hu\/hu\/wp-json\/wp\/v2\/types\/page"}],"author":[{"embeddable":true,"href":"https:\/\/csortos.hu\/hu\/wp-json\/wp\/v2\/users\/1"}],"replies":[{"embeddable":true,"href":"https:\/\/csortos.hu\/hu\/wp-json\/wp\/v2\/comments?post=516"}],"version-history":[{"count":0,"href":"https:\/\/csortos.hu\/hu\/wp-json\/wp\/v2\/pages\/516\/revisions"}],"wp:attachment":[{"href":"https:\/\/csortos.hu\/hu\/wp-json\/wp\/v2\/media?parent=516"}],"curies":[{"name":"wp","href":"https:\/\/api.w.org\/{rel}","templated":true}]}}