{"id":506,"date":"2015-05-30T22:01:06","date_gmt":"2015-05-30T20:01:06","guid":{"rendered":"http:\/\/csortos.hu\/?page_id=506&#038;lang=hu"},"modified":"2025-12-30T22:57:58","modified_gmt":"2025-12-30T21:57:58","slug":"kiallitasok","status":"publish","type":"page","link":"https:\/\/csortos.hu\/hu\/kiallitasok\/","title":{"rendered":"Ki\u00e1ll\u00edt\u00e1sok"},"content":{"rendered":"\t\t<div data-elementor-type=\"wp-page\" data-elementor-id=\"506\" class=\"elementor elementor-506 elementor-60\" data-elementor-post-type=\"page\">\n\t\t\t\t\t\t<section class=\"elementor-section elementor-top-section elementor-element elementor-element-4d7d000 elementor-section-boxed elementor-section-height-default elementor-section-height-default\" data-id=\"4d7d000\" data-element_type=\"section\" data-settings=\"{&quot;background_background&quot;:&quot;classic&quot;}\">\n\t\t\t\t\t\t<div class=\"elementor-container elementor-column-gap-default\">\n\t\t\t\t\t<div class=\"elementor-column elementor-col-100 elementor-top-column elementor-element elementor-element-7e03d86\" data-id=\"7e03d86\" data-element_type=\"column\">\n\t\t\t<div class=\"elementor-widget-wrap elementor-element-populated\">\n\t\t\t\t\t\t<div class=\"elementor-element elementor-element-0622786 elementor-widget elementor-widget-spacer\" data-id=\"0622786\" data-element_type=\"widget\" data-widget_type=\"spacer.default\">\n\t\t\t\t\t\t\t<div class=\"elementor-spacer\">\n\t\t\t<div class=\"elementor-spacer-inner\"><\/div>\n\t\t<\/div>\n\t\t\t\t\t\t<\/div>\n\t\t\t\t<section class=\"elementor-section elementor-inner-section elementor-element elementor-element-4e81606 elementor-section-boxed elementor-section-height-default elementor-section-height-default\" data-id=\"4e81606\" data-element_type=\"section\">\n\t\t\t\t\t\t<div class=\"elementor-container elementor-column-gap-default\">\n\t\t\t\t\t<div class=\"elementor-column elementor-col-16 elementor-inner-column elementor-element elementor-element-3aff84e\" data-id=\"3aff84e\" data-element_type=\"column\">\n\t\t\t<div class=\"elementor-widget-wrap\">\n\t\t\t\t\t\t\t<\/div>\n\t\t<\/div>\n\t\t\t\t<div class=\"elementor-column elementor-col-66 elementor-inner-column elementor-element elementor-element-0df7c4f\" data-id=\"0df7c4f\" data-element_type=\"column\">\n\t\t\t<div class=\"elementor-widget-wrap elementor-element-populated\">\n\t\t\t\t\t\t<div class=\"elementor-element elementor-element-da09a5d elementor-widget elementor-widget-heading\" data-id=\"da09a5d\" data-element_type=\"widget\" data-widget_type=\"heading.default\">\n\t\t\t\t\t<h1 class=\"elementor-heading-title elementor-size-default\">KI\u00c1LL\u00cdT\u00c1SOK<\/h1>\t\t\t\t<\/div>\n\t\t\t\t\t<\/div>\n\t\t<\/div>\n\t\t\t\t<div class=\"elementor-column elementor-col-16 elementor-inner-column elementor-element elementor-element-e82e227\" data-id=\"e82e227\" data-element_type=\"column\">\n\t\t\t<div class=\"elementor-widget-wrap\">\n\t\t\t\t\t\t\t<\/div>\n\t\t<\/div>\n\t\t\t\t\t<\/div>\n\t\t<\/section>\n\t\t\t\t<div class=\"elementor-element elementor-element-b5e56f0 elementor-widget elementor-widget-spacer\" data-id=\"b5e56f0\" data-element_type=\"widget\" data-widget_type=\"spacer.default\">\n\t\t\t\t\t\t\t<div class=\"elementor-spacer\">\n\t\t\t<div class=\"elementor-spacer-inner\"><\/div>\n\t\t<\/div>\n\t\t\t\t\t\t<\/div>\n\t\t\t\t\t<\/div>\n\t\t<\/div>\n\t\t\t\t\t<\/div>\n\t\t<\/section>\n\t\t\t\t<section class=\"elementor-section elementor-top-section elementor-element elementor-element-6ae9674b elementor-section-boxed elementor-section-height-default elementor-section-height-default\" data-id=\"6ae9674b\" data-element_type=\"section\">\n\t\t\t\t\t\t<div class=\"elementor-container elementor-column-gap-default\">\n\t\t\t\t\t<div class=\"elementor-column elementor-col-100 elementor-top-column elementor-element elementor-element-4f2f7d8c\" data-id=\"4f2f7d8c\" data-element_type=\"column\">\n\t\t\t<div class=\"elementor-widget-wrap elementor-element-populated\">\n\t\t\t\t\t\t<div class=\"elementor-element elementor-element-8f9055b elementor-widget elementor-widget-text-editor\" data-id=\"8f9055b\" data-element_type=\"widget\" data-widget_type=\"text-editor.default\">\n\t\t\t\t\t\t\t\t\t<p><a href=\"https:\/\/www.instagram.com\/p\/DSkXyQdDj4G\/\"><strong>Prix de la Photographie Paris,\u00a0 2025 Winners Photo Exhibition <\/strong><\/a>\u2013 House of Lucie<strong>, <\/strong>Budapest, Hungary<strong> \/ 30 January &#8211; 12 February 2026 \/ Group exhibition<\/strong><\/p><p><strong>Prix de la Photographie Paris and State of the World exhibition <\/strong>\u2013 Galerie 24b, Paris, France \/ <strong>11-14 November 2025<\/strong>\u00a0\/\u00a0Group exhibition<\/p><p><a href=\"https:\/\/fb.me\/e\/3jDGojDML\"><strong>Angkor<\/strong><\/a> \/ Leica Boutique Budapest Galeria, Budapest, Hungary \/ <strong>10 July &#8211; 10 Oct 2025 <\/strong>\/ Solo exhibition<\/p><p><strong><a href=\"https:\/\/b32kulturter.hu\/esemeny\/csortos-szabo-sandor-fotografus-62\/\">62 <\/a><\/strong>\u2013 B32 Trezor Galeria, Budapest, Hungary \/ <strong>April 10 &#8211; 06 May 2025<\/strong> \/ Solo exhibition<\/p><p><strong>Prix de la Photographie Paris and State of the World exhibition\u00a0<\/strong>\u2013 House of Lucie \/ Athen, Greece \/ <strong>12-22 March 2025<\/strong>\u00a0\/\u00a0Group exhibition<\/p><p><strong>Chain links &#8211; Today&#8217;s China<\/strong> \u2013 Chinese Cultural Center \/ Budapest, Hungary \/ <strong>November 2024 &#8211; Januar 2025<\/strong>\u00a0\/\u00a0Group exhibition<\/p><p><strong><a href=\"https:\/\/www.24b.paris\/\">Prix de la Photographie Paris and State of the World exhibition<\/a><a href=\"http:\/\/kiscellimuzeum.hu\/proforma_bff2024\">\u00a0<\/a><\/strong>\u2013 Galerie 24b, Paris, France \/ <strong>05-09 November 2024<\/strong>\u00a0\/\u00a0Group exhibition<\/p><p><strong><a href=\"http:\/\/kiscellimuzeum.hu\/proforma_bff2024\">PRO FORMA \u2013 <\/a><a href=\"https:\/\/csortos.hu\/wp-content\/uploads\/2023\/04\/2019-Melyaramok-onlinemeghivo-jpg-01-scaled.jpg\">Abstract Tendencie<\/a><a href=\"http:\/\/kiscellimuzeum.hu\/proforma_bff2024\">s in Contemporary Hungarian Photography <\/a><\/strong>\u2013 Kiscelli Museum, Budapest, Hungary \/ <strong>April 2024 \u2013 June 2024<\/strong>\u00a0\/\u00a0Group exhibition<\/p><p><strong><a href=\"https:\/\/csortos.hu\/wp-content\/uploads\/2023\/04\/kiscelli_meghivo.jpg\">&#8222;Here is the city, we&#8217;re its residents&#8221; \u2013 Budapest 150 years<\/a>\u00a0<\/strong> \u2013 Kiscelli Museum, Budapest, Hungary \/ <strong>April 2023 &#8211; May 2023<\/strong>\u00a0\/\u00a0Group exhibition<\/p><p><strong><a href=\"https:\/\/csortos.hu\/wp-content\/uploads\/2023\/04\/2019-Melyaramok-onlinemeghivo-jpg-01-scaled.jpg\">Deep Flows \u2013 Contemporary Hungarian Photography vs Classics in the Context of Traditional Genres<\/a>\u00a0<\/strong>\u00a0\u2013 MODEM Modern and Contemporary Arts Centre, Debrecen, Hungary \/\u00a0<strong>December 2019 \u2013 May 2020<\/strong>\u00a0\/\u00a0Group exhibition<\/p><p><strong>Dimension<\/strong>\u00a0\u2013\u00a0Exhibition of The National Association of Hungarian Artist \/ Re\u00f6k Palace, Szeged, Hungary \/\u00a0<strong>October 2019<\/strong>\u00a0\/\u00a0Group exhibition<\/p><p><strong>Landscape\/Perspective\u00a0\u2013 Budapest Photo Festival<\/strong>\u00a0\/\u00a0Kiscelli Museum, Budapest, Hungary \/\u00a0<strong>April-May 2019<\/strong>\u00a0\/\u00a0Group exhibition<\/p><p><strong>Minimal 1x 2x<\/strong>\u00a0\u2013\u00a0Exhibition of The National Association of Hungarian Artist \/\u00a0Klebersberg Kult\u00fark\u00faria, Budapest, Hungary \/\u00a0<strong>March 2019<\/strong>\u00a0\/\u00a0Group exhibition<\/p><p><strong>Minimal<\/strong>\u00a0\u2013\u00a0Exhibition of The National Association of Hungarian Artist \/ U.K.K. Budapest, Hungary \/\u00a0<strong>October 2018<\/strong>\u00a0\/\u00a0Group exhibition<\/p><p><strong>Interactions<\/strong>\u00a0\u2013\u00a0Exhibition of The National Association of Hungarian Artist \/ Klebersberg Kult\u00fark\u00faria, Budapest, Hungary \/\u00a0<strong>April 2018<\/strong>\u00a0\/\u00a0Group exhibition<\/p><p><strong>Harmony<\/strong>\u00a0\u2013\u00a0Exhibition of The National Association of Hungarian Artist \/ Art Mill, Szentendre, Hungary \/\u00a0<strong>January\u00a02016<\/strong>\u00a0\/\u00a0Group exhibition<\/p><p><strong>Hungarian Contemporary Digital Photography\u00a0<\/strong>\u2013<strong>\u00a0<\/strong>Exhibition of The National Association of Hungarian Artist \/ Villa Vermes, Dunajska Streda, Slovakia\u00a0\/\u00a0<strong>June 2015<\/strong>\u00a0\/\u00a0Group exhibition<\/p><p><strong>Contemporary Digital Photography\u00a0<\/strong>\u2013\u00a0Exhibition of The National Association of Hungarian Artist \/ Gallery MANK,\u00a0Szentendre, Hungary \/\u00a0<strong>October 2014<\/strong>\u00a0\/\u00a0Group exhibition<\/p><p><strong>It was once a Amusement Park\u2026\u00a0<\/strong>\u2013<strong>\u00a0<\/strong>Exhibition of The National Association of Hungarian Artist \/ Hungarian Museum of Trade and Tourism \/\u00a0<strong>April\u00a02014<\/strong>\u00a0\/ Gallery Klebersberg Kult\u00fark\u00faria, Budapest, Hungary \/\u00a0<strong>May\u00a02014<\/strong>\u00a0\/\u00a0Group exhibition<\/p><p><strong>Self Portaits\u00a0<\/strong>\u2013\u00a0Exhibition of The National Association of Hungarian Artist \/<strong>\u00a0<\/strong>Gallery of National Dance Theatre, Budapest, Hungary \/\u00a0<strong>November 2013<\/strong>\u00a0\/\u00a0Group exhibition<\/p><p><strong>Four Elements\u00a0<\/strong>\u2013<strong>\u00a0<\/strong>Exhibition of The National Association of Hungarian Artist \/ Art Mill, Szentendre, Hungary \/\u00a0<strong>October 2013<\/strong>\u00a0\/\u00a0Group exhibition<\/p><p><strong>My World\u00a0<\/strong>\u2013<strong>\u00a0<\/strong>D\u00e9ryn\u00e9 Cultur Center, Karcag, Hungary \/\u00a0<strong>Jan \u2013 Febr 2012<\/strong>\u00a0\/\u00a0Solo exhibition<\/p><p><a href=\"https:\/\/csortos.hu\/wp-content\/uploads\/2015\/11\/L1004487.jpg\"><strong>Secret Gardens\u00a0<\/strong>\u2013<strong>\u00a0<\/strong>House of Hungarian Photographers \u2013 Mai Mano House, Budapest, Hungary<\/a>\u00a0\/\u00a0<strong>06 October \u2013 13 November 2011<\/strong>\u00a0\/\u00a0Solo exhibition<\/p><p><a href=\"https:\/\/csortos.hu\/wp-content\/uploads\/2014\/04\/L1000832.jpg\"><strong>Angkor\u00a0<\/strong>\u2013<strong>\u00a0<\/strong>Cella Septichora Visitor Center,\u00a0P\u00e9cs, Hungary<\/a>\u00a0\/\u00a0<strong>June \u2013 July 2011<\/strong>\u00a0\/\u00a0Solo exhibition<\/p><p><a href=\"https:\/\/csortos.hu\/wp-content\/uploads\/2015\/11\/L1000778.jpg\"><strong>In Memory of my Military Service \u2013\u00a0<\/strong><strong>Przemysl, 1914 \u2013 1918\u00a0<\/strong>\u2013<strong>\u00a0<\/strong>Fort Monostor Kom\u00e1rom, Hungary<\/a>\u00a0\/\u00a0<strong>June \u2013 July 2011<\/strong>\u00a0\/\u00a0Solo exhibition<\/p><p><strong>Snap to Grid\u00a0<\/strong>\u2013<strong>\u00a0<\/strong>LACDA\u00a0Los Angeles Center of Digital Art,\u00a0Los Angeles, CA, USA \u00a0\/\u00a0<strong>November 2010<\/strong>\u00a0\/\u00a0Group exhibition<\/p><p><strong>My World\u00a0<\/strong>\u2013<strong>\u00a0<\/strong>Gallery Ujbuda,\u00a0Budapest, Hungary \/\u00a0<strong>January 2010<\/strong>\u00a0\/\u00a0Solo exhibition<\/p><p><strong>My World\u00a0<\/strong>\u2013<strong>\u00a0<\/strong>N\u00e1dasdy Castle,\u00a0S\u00e1rv\u00e1r, Hungary \/\u00a0<strong>December 2009<\/strong>\u00a0\/\u00a0Solo exhibition<\/p><p><a href=\"https:\/\/csortos.hu\/wp-content\/uploads\/2015\/11\/L1000701.jpg\"><strong>The 100 Kinds of Islam\u00a0<\/strong>\u2013<strong>\u00a0<\/strong>Open air exhibition,<strong>\u00a0<\/strong>Place Sz\u00e9chenyi,\u00a0P\u00e9cs, Hungary<\/a>\u00a0\/\u00a0<strong>May \u2013 June 2008<\/strong>\u00a0\/\u00a0Group exhibition<\/p><p><a href=\"https:\/\/csortos.hu\/wp-content\/uploads\/2015\/11\/P1050075.jpg\"><strong>Reflections\u00a0<\/strong>\u2013\u00a0House of Art and Literary,\u00a0P\u00e9cs, Hungary<\/a>\u00a0\/\u00a0<strong>May 2008<\/strong>\u00a0\/\u00a0Solo exhibition<\/p><p><a href=\"https:\/\/csortos.hu\/wp-content\/uploads\/2015\/11\/IMG_8625.jpg\"><strong>Reflections\u00a0<\/strong>\u2013<strong>\u00a0<\/strong>Galeria Limes,\u00a0Komarno, Slovakia<\/a>\u00a0\/\u00a0<strong>April 2008<\/strong>\u00a0\/\u00a0Solo exhibition<\/p><p><strong>Reflections\u00a0<\/strong>\u2013<strong>\u00a0<\/strong>Gallery of National Dance Theater,\u00a0Budapest, Hungary \u00a0\/\u00a0<strong>March 2008<\/strong>\u00a0\/\u00a0Solo exhibition<\/p><p><strong>National Geographic Hungary,\u00a0<\/strong><strong>International Photo Contest 2007<\/strong><em>. \u2013\u00a0<\/em>Best of Pictures Exhibition \/ WestEnd City Center, Budapest; B\u00e9k\u00e9scsaba; Ny\u00edregyh\u00e1za; Szeged; Kecskem\u00e9t, Hungary \/\u00a0<strong>Oct 2007 \u2013 March 2008<\/strong>\u00a0\/\u00a0Group exhibition<\/p><p><strong>Hommage Alp\u00e1r Ign\u00e1c\u00a0<\/strong>\u2013\u00a0Vajdahunyad Castle,\u00a0Budapest, Hungary \/\u00a0<strong>July 2007<\/strong>\u00a0\/\u00a0Group exhibition<\/p><p><strong>Light, Relationship\u00a0<\/strong>\u2013<strong>\u00a0<\/strong>Libri Book Palace,\u00a0Budapest, Hungary \/\u00a0<strong>September 2004<\/strong>\u00a0\/\u00a0Solo exhibition<\/p><p><a href=\"https:\/\/csortos.hu\/wp-content\/uploads\/2015\/11\/Khajuraho_megnyito.jpg\"><strong>Khajuraho \u2013 Mysticism and Eroticism\u00a0<\/strong>\u2013<strong>\u00a0<\/strong>Museum of Applied Arts,\u00a0Budapest, Hungary<\/a>\u00a0\/\u00a0<strong>September 2001<\/strong>\u00a0\/\u00a0Solo exhibition<\/p><p><a href=\"https:\/\/csortos.hu\/wp-content\/uploads\/2015\/11\/Angkor_megnyito.jpg\"><strong>Angkor &#8211; Ruins in the jungle <\/strong>\u2013 Central European University (CEU) Galeria Centralis, Budapest, Hungary<\/a>\u00a0\/\u00a0<strong>September 2000<\/strong>\u00a0\/\u00a0Solo exhibition<\/p>\t\t\t\t\t\t\t\t<\/div>\n\t\t\t\t\t<\/div>\n\t\t<\/div>\n\t\t\t\t\t<\/div>\n\t\t<\/section>\n\t\t\t\t<section class=\"elementor-section elementor-top-section elementor-element elementor-element-9813142 elementor-section-boxed elementor-section-height-default elementor-section-height-default\" data-id=\"9813142\" data-element_type=\"section\">\n\t\t\t\t\t\t<div class=\"elementor-container elementor-column-gap-default\">\n\t\t\t\t\t<div class=\"elementor-column elementor-col-100 elementor-top-column elementor-element elementor-element-2f2b965\" data-id=\"2f2b965\" data-element_type=\"column\">\n\t\t\t<div class=\"elementor-widget-wrap elementor-element-populated\">\n\t\t\t\t\t\t<div class=\"elementor-element elementor-element-545619c elementor-widget elementor-widget-spacer\" data-id=\"545619c\" data-element_type=\"widget\" data-widget_type=\"spacer.default\">\n\t\t\t\t\t\t\t<div class=\"elementor-spacer\">\n\t\t\t<div class=\"elementor-spacer-inner\"><\/div>\n\t\t<\/div>\n\t\t\t\t\t\t<\/div>\n\t\t\t\t\t<\/div>\n\t\t<\/div>\n\t\t\t\t\t<\/div>\n\t\t<\/section>\n\t\t\t\t<\/div>\n\t\t","protected":false},"excerpt":{"rendered":"<p>KI\u00c1LL\u00cdT\u00c1SOK Prix de la Photographie Paris,\u00a0 2025 Winners Photo Exhibition \u2013 House of Lucie, Budapest, Hungary \/ 30 January &#8211; 12 February 2026 \/ Group exhibition Prix de la Photographie Paris and State of the World exhibition \u2013 Galerie 24b, Paris, France \/ 11-14 November 2025\u00a0\/\u00a0Group exhibition Angkor \/ Leica Boutique Budapest Galeria, Budapest, Hungary [&hellip;]<\/p>\n","protected":false},"author":2,"featured_media":431,"parent":0,"menu_order":0,"comment_status":"closed","ping_status":"closed","template":"","meta":{"_monsterinsights_skip_tracking":false,"_monsterinsights_sitenote_active":false,"_monsterinsights_sitenote_note":"","_monsterinsights_sitenote_category":0,"footnotes":""},"class_list":["post-506","page","type-page","status-publish","has-post-thumbnail","hentry"],"aioseo_notices":[],"acf":[],"_links":{"self":[{"href":"https:\/\/csortos.hu\/hu\/wp-json\/wp\/v2\/pages\/506","targetHints":{"allow":["GET"]}}],"collection":[{"href":"https:\/\/csortos.hu\/hu\/wp-json\/wp\/v2\/pages"}],"about":[{"href":"https:\/\/csortos.hu\/hu\/wp-json\/wp\/v2\/types\/page"}],"author":[{"embeddable":true,"href":"https:\/\/csortos.hu\/hu\/wp-json\/wp\/v2\/users\/2"}],"replies":[{"embeddable":true,"href":"https:\/\/csortos.hu\/hu\/wp-json\/wp\/v2\/comments?post=506"}],"version-history":[{"count":17,"href":"https:\/\/csortos.hu\/hu\/wp-json\/wp\/v2\/pages\/506\/revisions"}],"predecessor-version":[{"id":11258,"href":"https:\/\/csortos.hu\/hu\/wp-json\/wp\/v2\/pages\/506\/revisions\/11258"}],"wp:featuredmedia":[{"embeddable":true,"href":"https:\/\/csortos.hu\/hu\/wp-json\/wp\/v2\/media\/431"}],"wp:attachment":[{"href":"https:\/\/csortos.hu\/hu\/wp-json\/wp\/v2\/media?parent=506"}],"curies":[{"name":"wp","href":"https:\/\/api.w.org\/{rel}","templated":true}]}}