{"id":499,"date":"2015-05-30T21:20:08","date_gmt":"2015-05-30T19:20:08","guid":{"rendered":"http:\/\/csortos.hu\/?page_id=499&#038;lang=hu"},"modified":"2024-11-18T14:16:05","modified_gmt":"2024-11-18T13:16:05","slug":"eletrajz","status":"publish","type":"page","link":"https:\/\/csortos.hu\/hu\/eletrajz\/","title":{"rendered":"\u00c9letrajz"},"content":{"rendered":"\t\t<div data-elementor-type=\"wp-page\" data-elementor-id=\"499\" class=\"elementor elementor-499 elementor-54\" data-elementor-post-type=\"page\">\n\t\t\t\t\t\t<section class=\"elementor-section elementor-top-section elementor-element elementor-element-2953ffa elementor-section-boxed elementor-section-height-default elementor-section-height-default\" data-id=\"2953ffa\" data-element_type=\"section\" data-settings=\"{&quot;background_background&quot;:&quot;classic&quot;}\">\n\t\t\t\t\t\t<div class=\"elementor-container elementor-column-gap-default\">\n\t\t\t\t\t<div class=\"elementor-column elementor-col-100 elementor-top-column elementor-element elementor-element-5d0b1ab\" data-id=\"5d0b1ab\" data-element_type=\"column\">\n\t\t\t<div class=\"elementor-widget-wrap elementor-element-populated\">\n\t\t\t\t\t\t<div class=\"elementor-element elementor-element-20de7ea elementor-widget elementor-widget-spacer\" data-id=\"20de7ea\" data-element_type=\"widget\" data-widget_type=\"spacer.default\">\n\t\t\t\t\t\t\t<div class=\"elementor-spacer\">\n\t\t\t<div class=\"elementor-spacer-inner\"><\/div>\n\t\t<\/div>\n\t\t\t\t\t\t<\/div>\n\t\t\t\t<section class=\"elementor-section elementor-inner-section elementor-element elementor-element-1cc394c elementor-section-boxed elementor-section-height-default elementor-section-height-default\" data-id=\"1cc394c\" data-element_type=\"section\">\n\t\t\t\t\t\t<div class=\"elementor-container elementor-column-gap-default\">\n\t\t\t\t\t<div class=\"elementor-column elementor-col-16 elementor-inner-column elementor-element elementor-element-c533b1f\" data-id=\"c533b1f\" data-element_type=\"column\">\n\t\t\t<div class=\"elementor-widget-wrap\">\n\t\t\t\t\t\t\t<\/div>\n\t\t<\/div>\n\t\t\t\t<div class=\"elementor-column elementor-col-66 elementor-inner-column elementor-element elementor-element-cc250a2\" data-id=\"cc250a2\" data-element_type=\"column\">\n\t\t\t<div class=\"elementor-widget-wrap elementor-element-populated\">\n\t\t\t\t\t\t<div class=\"elementor-element elementor-element-0e61000 elementor-widget elementor-widget-heading\" data-id=\"0e61000\" data-element_type=\"widget\" data-widget_type=\"heading.default\">\n\t\t\t\t\t<h1 class=\"elementor-heading-title elementor-size-default\">\u00c9LETRAJZ<\/h1>\t\t\t\t<\/div>\n\t\t\t\t\t<\/div>\n\t\t<\/div>\n\t\t\t\t<div class=\"elementor-column elementor-col-16 elementor-inner-column elementor-element elementor-element-8327f68\" data-id=\"8327f68\" data-element_type=\"column\">\n\t\t\t<div class=\"elementor-widget-wrap\">\n\t\t\t\t\t\t\t<\/div>\n\t\t<\/div>\n\t\t\t\t\t<\/div>\n\t\t<\/section>\n\t\t\t\t<div class=\"elementor-element elementor-element-6131afd elementor-widget elementor-widget-spacer\" data-id=\"6131afd\" data-element_type=\"widget\" data-widget_type=\"spacer.default\">\n\t\t\t\t\t\t\t<div class=\"elementor-spacer\">\n\t\t\t<div class=\"elementor-spacer-inner\"><\/div>\n\t\t<\/div>\n\t\t\t\t\t\t<\/div>\n\t\t\t\t\t<\/div>\n\t\t<\/div>\n\t\t\t\t\t<\/div>\n\t\t<\/section>\n\t\t\t\t<section class=\"elementor-section elementor-top-section elementor-element elementor-element-17b2e802 elementor-section-boxed elementor-section-height-default elementor-section-height-default\" data-id=\"17b2e802\" data-element_type=\"section\">\n\t\t\t\t\t\t<div class=\"elementor-container elementor-column-gap-default\">\n\t\t\t\t\t<div class=\"elementor-column elementor-col-100 elementor-top-column elementor-element elementor-element-132fdddc\" data-id=\"132fdddc\" data-element_type=\"column\">\n\t\t\t<div class=\"elementor-widget-wrap elementor-element-populated\">\n\t\t\t\t\t\t<div class=\"elementor-element elementor-element-5d24f63 elementor-widget elementor-widget-spacer\" data-id=\"5d24f63\" data-element_type=\"widget\" data-widget_type=\"spacer.default\">\n\t\t\t\t\t\t\t<div class=\"elementor-spacer\">\n\t\t\t<div class=\"elementor-spacer-inner\"><\/div>\n\t\t<\/div>\n\t\t\t\t\t\t<\/div>\n\t\t\t\t<div class=\"elementor-element elementor-element-68ee0236 elementor-widget elementor-widget-text-editor\" data-id=\"68ee0236\" data-element_type=\"widget\" data-widget_type=\"text-editor.default\">\n\t\t\t\t\t\t\t\t\t<h4><strong><a class=\"group1 cboxElement\" href=\"https:\/\/csortos.hu\/wp-content\/uploads\/2015\/11\/L1004484.jpg\">Csortos Szab\u00f3 S\u00e1ndor<\/a><\/strong><\/h4><p>1962-ben sz\u00fcletett, Karcagon.<\/p><p><br \/>1980-ban \u00e9retts\u00e9gizett a K\u00e9pz\u0151 \u00e9s Iparm\u0171v\u00e9szeti Szakk\u00f6z\u00e9piskol\u00e1ban, majd 1985-ben diplom\u00e1zott az Iparm\u0171v\u00e9szeti F\u0151iskola Bels\u0151\u00e9p\u00edt\u00e9szeti Kar\u00e1n. 1986-t\u00f3l a Magyar Alkot\u00f3m\u0171v\u00e9szek Orsz\u00e1gos Egyes\u00fclet\u00e9nek tagja. A Magyar Filmakad\u00e9mia alap\u00edt\u00f3 tagja (2015).<\/p><p><br \/>A fotogr\u00e1fi\u00e1val a K\u00e9pz\u0151m\u0171v\u00e9szeti Szakk\u00f6z\u00e9piskol\u00e1ban ismerkedett meg \u00e9s annak ellen\u00e9re, hogy az Iparm\u0171v\u00e9szeti F\u0151iskola bels\u0151\u00e9p\u00edt\u00e9szeti kar\u00e1n tanult, a sors szesz\u00e9lye \u00fajra a fotogr\u00e1fi\u00e1hoz k\u00f6t\u00f6tte. Diplomamunk\u00e1ja a Szigetbecs\u00e9re tervezett Andr\u00e9 Kert\u00e9sz M\u00fazeum volt, majd 1991-ben \u0151 tervezte a Kecskem\u00e9ten l\u00e9v\u0151\u00a0<strong><a class=\"group1 cboxElement\" href=\"https:\/\/csortos.hu\/wp-content\/uploads\/2014\/04\/muzeum.jpg\">Magyar Fotogr\u00e1fiai M\u00fazeum ki\u00e1ll\u00edt\u00f3ter\u00e9nek install\u00e1ci\u00f3j\u00e1t<\/a><\/strong>.<\/p><p><br \/>Egy \u00e9vvel k\u00e9s\u0151bb m\u00e1r fotogr\u00e1fusk\u00e9nt dolgozott az ELITE Magazinnak. A\u00a0 lap id\u0151leges megsz\u0171n\u00e9sekor munkan\u00e9lk\u00fcli lett, majd rekl\u00e1m\u00fcgyn\u00f6ks\u00e9gekn\u00e9l v\u00e1llalt munk\u00e1t. Volt copywriter, art director, k\u00e9s\u0151bb kreat\u00edv igazgat\u00f3 is. Ekkor ismerkedett meg a telev\u00edzi\u00f3z\u00e1ssal, sz\u00f3rakoztat\u00f3 m\u0171sorok producerek\u00e9nt. K\u00e9s\u0151bb portr\u00e9filmeket, kultur\u00e1lis m\u0171sorokat, dokumentumfilmeket, napi \u00e9s heti sorozatokat \u00e9s mozifilmet is gy\u00e1rtott.<\/p><p><br \/>2000. janu\u00e1rj\u00e1ban j\u00e1rt el\u0151sz\u00f6r D\u00e9l-kelet \u00c1zsi\u00e1ban. Kambodzs\u00e1ban k\u00e9sz\u00edtett fot\u00f3ib\u00f3l sz\u00fcletett els\u0151 \u00f6n\u00e1ll\u00f3 ki\u00e1ll\u00edt\u00e1sa,\u00a0<strong><a class=\"group1 cboxElement\" href=\"https:\/\/csortos.hu\/wp-content\/uploads\/2014\/04\/Angkor_plakat.jpg\">Angkor \u2013 Romv\u00e1ros az \u0151serd\u0151ben<\/a><\/strong><em>\u00a0<\/em>c\u00edmmel. A ki\u00e1ll\u00edt\u00e1st 3 h\u00e9t alatt t\u00f6bb mint 12 ezer ember tekintette meg, k\u00f6zt\u00fck G\u00f6ncz \u00c1rp\u00e1d, a Magyar K\u00f6zt\u00e1rsas\u00e1g volt eln\u00f6ke \u00e9s\u00a0<strong><a class=\"group1 cboxElement\" href=\"https:\/\/csortos.hu\/wp-content\/uploads\/2014\/04\/dalailama.jpg\">\u0150szents\u00e9ge a XIV. Dalai L\u00e1ma<\/a><\/strong>. Egy \u00e9vvel k\u00e9s\u0151bb, az Indiai K\u00f6zt\u00e1rsas\u00e1g Turisztikai Hivatal\u00e1nak megh\u00edv\u00e1s\u00e1ra Khadzsur\u00e1h\u00f3ban j\u00e1rt. Itt k\u00e9sz\u00fclt k\u00e9peit a budapesti Iparm\u0171v\u00e9szeti M\u00fazeum mutatta be\u00a0<em>Khadzsur\u00e1h\u00f3 \u2013 Misztikum \u00e9s erotika<\/em>\u00a0c\u00edm\u0171 ki\u00e1ll\u00edt\u00e1s\u00e1n.\u00a0Els\u0151 k\u00f6nyve, melyet T\u00f3th Krisztina k\u00f6lt\u0151vel k\u00f6z\u00f6sen k\u00e9sz\u00edtett, 2004-ben jelent meg,\u00a0F\u00e9ny, viszony\u00a0c\u00edmmel. Ezt a k\u00f6nyvet, valamint k\u00e9t m\u00e1sik fot\u00f3sorozatot, 2005-ben, a Los Angeles-i International Photography Awards-on d\u00edjazt\u00e1k. A k\u00f6nyvet m\u00e9g ugyanabban az \u00e9vben bev\u00e1logatt\u00e1k a brit Nemzeti K\u00f6nyvt\u00e1r, a British Library (London) gy\u0171jtem\u00e9ny\u00e9be.<\/p><p><br \/>Csortos Szab\u00f3 S\u00e1ndor t\u00f6bb fot\u00f3ja is d\u00edjat nyert nemzetk\u00f6zi versenyeken, sz\u00e1mos \u00f6n\u00e1ll\u00f3 \u00e9s csoportos ki\u00e1ll\u00edt\u00e1son vett r\u00e9szt. Jelenleg a Budapest Film Produkci\u00f3n\u00e1l dolgozik, mik\u00f6zben folytatja alkot\u00f3i tev\u00e9kenys\u00e9g\u00e9t \u00e9s saj\u00e1t k\u00e9pz\u0151m\u0171v\u00e9szeti fot\u00f3it k\u00e9sz\u00edti.<\/p><p><br \/>Filmogr\u00e1fia:\u00a0<strong><a title=\"IMDB\" href=\"http:\/\/www.imdb.com\/name\/nm2794868\/?ref_=fn_al_nm_1\" target=\"_blank\" rel=\"noopener\">IMDB<\/a><\/strong><\/p><p>Hivatalos t\u00e1mogat\u00f3:\u00a0<a class=\"group1 cboxElement\" href=\"https:\/\/csortos.hu\/wp-content\/uploads\/2015\/11\/photo.jpg.png\">Leitz Hungaria \u2013\u00a0<strong>Leica<\/strong><\/a><\/p>\t\t\t\t\t\t\t\t<\/div>\n\t\t\t\t<div class=\"elementor-element elementor-element-48e8a37 elementor-widget elementor-widget-spacer\" data-id=\"48e8a37\" data-element_type=\"widget\" data-widget_type=\"spacer.default\">\n\t\t\t\t\t\t\t<div class=\"elementor-spacer\">\n\t\t\t<div class=\"elementor-spacer-inner\"><\/div>\n\t\t<\/div>\n\t\t\t\t\t\t<\/div>\n\t\t\t\t\t<\/div>\n\t\t<\/div>\n\t\t\t\t\t<\/div>\n\t\t<\/section>\n\t\t\t\t<\/div>\n\t\t","protected":false},"excerpt":{"rendered":"<p>\u00c9LETRAJZ Csortos Szab\u00f3 S\u00e1ndor 1962-ben sz\u00fcletett, Karcagon. 1980-ban \u00e9retts\u00e9gizett a K\u00e9pz\u0151 \u00e9s Iparm\u0171v\u00e9szeti Szakk\u00f6z\u00e9piskol\u00e1ban, majd 1985-ben diplom\u00e1zott az Iparm\u0171v\u00e9szeti F\u0151iskola Bels\u0151\u00e9p\u00edt\u00e9szeti Kar\u00e1n. 1986-t\u00f3l a Magyar Alkot\u00f3m\u0171v\u00e9szek Orsz\u00e1gos Egyes\u00fclet\u00e9nek tagja. A Magyar Filmakad\u00e9mia alap\u00edt\u00f3 tagja (2015). A fotogr\u00e1fi\u00e1val a K\u00e9pz\u0151m\u0171v\u00e9szeti Szakk\u00f6z\u00e9piskol\u00e1ban ismerkedett meg \u00e9s annak ellen\u00e9re, hogy az Iparm\u0171v\u00e9szeti F\u0151iskola bels\u0151\u00e9p\u00edt\u00e9szeti kar\u00e1n tanult, a sors szesz\u00e9lye [&hellip;]<\/p>\n","protected":false},"author":1,"featured_media":0,"parent":0,"menu_order":0,"comment_status":"closed","ping_status":"closed","template":"","meta":{"_monsterinsights_skip_tracking":false,"_monsterinsights_sitenote_active":false,"_monsterinsights_sitenote_note":"","_monsterinsights_sitenote_category":0,"footnotes":""},"class_list":["post-499","page","type-page","status-publish","hentry"],"aioseo_notices":[],"acf":[],"_links":{"self":[{"href":"https:\/\/csortos.hu\/hu\/wp-json\/wp\/v2\/pages\/499","targetHints":{"allow":["GET"]}}],"collection":[{"href":"https:\/\/csortos.hu\/hu\/wp-json\/wp\/v2\/pages"}],"about":[{"href":"https:\/\/csortos.hu\/hu\/wp-json\/wp\/v2\/types\/page"}],"author":[{"embeddable":true,"href":"https:\/\/csortos.hu\/hu\/wp-json\/wp\/v2\/users\/1"}],"replies":[{"embeddable":true,"href":"https:\/\/csortos.hu\/hu\/wp-json\/wp\/v2\/comments?post=499"}],"version-history":[{"count":0,"href":"https:\/\/csortos.hu\/hu\/wp-json\/wp\/v2\/pages\/499\/revisions"}],"wp:attachment":[{"href":"https:\/\/csortos.hu\/hu\/wp-json\/wp\/v2\/media?parent=499"}],"curies":[{"name":"wp","href":"https:\/\/api.w.org\/{rel}","templated":true}]}}